{"id":220,"date":"2025-06-26T11:55:19","date_gmt":"2025-06-26T11:55:19","guid":{"rendered":"http:\/\/thekehf.com\/?post_type=product&#038;p=220"},"modified":"2026-03-11T07:06:30","modified_gmt":"2026-03-11T07:06:30","slug":"glow-drops","status":"publish","type":"product","link":"https:\/\/thekehf.com\/?product=glow-drops","title":{"rendered":"Glow Drops | \u00dc\u00e7l\u00fc C Vitamini &#038; Alpha-Arbutin Ayd\u0131nlat\u0131c\u0131 Leke Kar\u015f\u0131t\u0131 Serum"},"content":{"rendered":"<div><b>I\u015f\u0131lt\u0131n\u0131z\u0131 Serbest B\u0131rak\u0131n: Donuk ve Mat Ciltlere Elveda Diyin<\/b><b><br \/>\n<\/b><\/div>\n<div><\/div>\n<div>The Kehf Glow Drops, cildinizin ihtiyac\u0131 olan o sa\u011fl\u0131kl\u0131 \u0131\u015f\u0131lt\u0131y\u0131 ve berrakl\u0131\u011f\u0131 geri kazand\u0131rmak i\u00e7in form\u00fcle edilmi\u015f bir &#8220;ayd\u0131nl\u0131k aktivat\u00f6r\u00fcd\u00fcr&#8221;. \u0130\u00e7eri\u011findeki stabilize C vitamini t\u00fcrevleri ve Alpha-Arbutin sayesinde, cilt tonu e\u015fitsizlikleriyle sava\u015f\u0131rken cildinize an\u0131nda daha canl\u0131 bir g\u00f6r\u00fcn\u00fcm kazand\u0131r\u0131r.<\/div>\n<div><\/div>\n<div><b>\u00d6ne \u00c7\u0131kan \u0130\u00e7erikler:<\/b><b><br \/>\n<\/b><\/div>\n<div><\/div>\n<div>Triple C-Vitamin Complex (3&#8217;l\u00fc C Vitamini): Form\u00fcl\u00fcndeki \u00fc\u00e7 farkl\u0131 C vitamini formu, cildin farkl\u0131 katmanlar\u0131nda y\u00fcksek antioksidan koruma sa\u011flar. Kolajen \u00fcretimini desteklerken cildi \u00e7evresel fakt\u00f6rlere kar\u015f\u0131 bir kalkan gibi korur.<\/div>\n<div><\/div>\n<div>Alpha-Arbutin: Leke olu\u015fumunu engellemeye yard\u0131mc\u0131 olan bu g\u00fc\u00e7l\u00fc bile\u015fen, mevcut g\u00fcne\u015f ve lekelerinin g\u00f6r\u00fcn\u00fcm\u00fcn\u00fc hafifleterek cilt tonunu e\u015fitler.<\/div>\n<div><\/div>\n<div>Tocopherol (E Vitamini): C vitamini ile sinerji i\u00e7inde \u00e7al\u0131\u015farak \u00fcr\u00fcn\u00fcn etkisini art\u0131r\u0131r, cildi besler ve nemsizli\u011fe kar\u015f\u0131 korur.<\/div>\n<div><\/div>\n<div>Caprylic\/Capric Triglyceride: Cilde yumu\u015fakl\u0131k ve p\u00fcr\u00fczs\u00fczl\u00fck kazand\u0131r\u0131rken, aktif i\u00e7eriklerin cilt taraf\u0131ndan daha verimli emilmesini sa\u011flar.<\/div>\n<div><\/div>\n<div><b>Neden The Kehf Glow Drops Kullanmal\u0131s\u0131n\u0131z?<\/b><b><br \/>\n<\/b><\/div>\n<div><\/div>\n<div>An\u0131nda Cam Cilt Etkisi: Cildinizdeki matl\u0131\u011f\u0131 gidererek do\u011fal bir parlakl\u0131k ve &#8220;glass skin&#8221; g\u00f6r\u00fcn\u00fcm\u00fc sa\u011flar.<\/div>\n<div><\/div>\n<div>G\u00fc\u00e7l\u00fc Leke Kar\u015f\u0131t\u0131 Bak\u0131m: Koyu leke g\u00f6r\u00fcn\u00fcm\u00fcn\u00fc hedefleyerek daha duru ve p\u00fcr\u00fczs\u00fcz bir ten rengi sunar.<\/div>\n<div><\/div>\n<div>Antioksidan Kalkan: \u015eehir hayat\u0131n\u0131n hava kirlili\u011fi ve stres gibi y\u0131prat\u0131c\u0131 etkilerine kar\u015f\u0131 cildinizi savunur.<\/div>\n<div><\/div>\n<div>Hafif ve H\u0131zl\u0131 Emilen Form\u00fcl: Yap\u0131\u015fkan his b\u0131rakmayan su bazl\u0131 dokusuyla cilde h\u0131zla n\u00fcfuz eder, g\u00fcnl\u00fck kullan\u0131m i\u00e7in konforludur.<\/div>\n<div><\/div>\n<div><b>Nas\u0131l Kullan\u0131l\u0131r?<\/b><b><br \/>\n<\/b><\/div>\n<div><\/div>\n<div>Temizlenmi\u015f cildinize sabah ve\/veya ak\u015fam rutininde 2-3 damla uygulay\u0131n\u0131z. Y\u00fcz ve boyun b\u00f6lgenize nazik\u00e7e masaj yaparak yediriniz. G\u00fcnd\u00fcz kullan\u0131m\u0131nda \u00fczerine mutlaka y\u00fcksek korumal\u0131 bir g\u00fcne\u015f kremi (\u00d6rn: Kehf Radiance Defense SPF 50+) uygulaman\u0131z \u00f6nerilir.<\/div>\n","protected":false},"excerpt":{"rendered":"<h6 class=\"product-title variant-pdp\" data-testid=\"product-title\" data-drroot=\"h1\">\u00dc\u00e7l\u00fc C Vitamini &amp; Alpha-Arbutin Ayd\u0131nlat\u0131c\u0131 Leke Kar\u015f\u0131t\u0131 Serum 30 ml<\/h6>\n","protected":false},"featured_media":303,"comment_status":"open","ping_status":"closed","template":"","meta":[],"product_brand":[],"product_cat":[18],"product_tag":[33,32],"class_list":{"0":"post-220","1":"product","2":"type-product","3":"status-publish","4":"has-post-thumbnail","6":"product_cat-cilt-bakimi","7":"product_tag-c-vitamini","8":"product_tag-serum","10":"first","11":"instock","12":"shipping-taxable","13":"purchasable","14":"product-type-simple"},"_links":{"self":[{"href":"https:\/\/thekehf.com\/index.php?rest_route=\/wp\/v2\/product\/220","targetHints":{"allow":["GET"]}}],"collection":[{"href":"https:\/\/thekehf.com\/index.php?rest_route=\/wp\/v2\/product"}],"about":[{"href":"https:\/\/thekehf.com\/index.php?rest_route=\/wp\/v2\/types\/product"}],"replies":[{"embeddable":true,"href":"https:\/\/thekehf.com\/index.php?rest_route=%2Fwp%2Fv2%2Fcomments&post=220"}],"wp:featuredmedia":[{"embeddable":true,"href":"https:\/\/thekehf.com\/index.php?rest_route=\/wp\/v2\/media\/303"}],"wp:attachment":[{"href":"https:\/\/thekehf.com\/index.php?rest_route=%2Fwp%2Fv2%2Fmedia&parent=220"}],"wp:term":[{"taxonomy":"product_brand","embeddable":true,"href":"https:\/\/thekehf.com\/index.php?rest_route=%2Fwp%2Fv2%2Fproduct_brand&post=220"},{"taxonomy":"product_cat","embeddable":true,"href":"https:\/\/thekehf.com\/index.php?rest_route=%2Fwp%2Fv2%2Fproduct_cat&post=220"},{"taxonomy":"product_tag","embeddable":true,"href":"https:\/\/thekehf.com\/index.php?rest_route=%2Fwp%2Fv2%2Fproduct_tag&post=220"}],"curies":[{"name":"wp","href":"https:\/\/api.w.org\/{rel}","templated":true}]}}